{"id":7377,"date":"2024-07-30T16:34:15","date_gmt":"2024-07-30T15:34:15","guid":{"rendered":"https:\/\/beberapid.com\/magazine\/"},"modified":"2024-08-26T11:52:26","modified_gmt":"2024-08-26T10:52:26","slug":"magazine","status":"publish","type":"page","link":"https:\/\/beberapid.com\/en\/magazine\/","title":{"rendered":"Magazine"},"content":{"rendered":"\t\t<div data-elementor-type=\"wp-page\" data-elementor-id=\"7377\" class=\"elementor elementor-7377 elementor-5573\">\n\t\t\t\t\t\t<section class=\"elementor-section elementor-top-section elementor-element elementor-element-7107ef1 elementor-section-full_width elementor-section-height-min-height elementor-section-items-bottom elementor-section-height-default\" data-id=\"7107ef1\" data-element_type=\"section\" data-settings=\"{&quot;jet_parallax_layout_list&quot;:[],&quot;background_background&quot;:&quot;classic&quot;}\">\n\t\t\t\t\t\t<div class=\"elementor-container elementor-column-gap-default\">\n\t\t\t\t\t<div class=\"elementor-column elementor-col-100 elementor-top-column elementor-element elementor-element-d799e62\" data-id=\"d799e62\" data-element_type=\"column\">\n\t\t\t<div class=\"elementor-widget-wrap elementor-element-populated\">\n\t\t\t\t\t\t<div class=\"elementor-element elementor-element-b073593 elementor-widget elementor-widget-heading\" data-id=\"b073593\" data-element_type=\"widget\" data-widget_type=\"heading.default\">\n\t\t\t\t<div class=\"elementor-widget-container\">\n\t\t\t<style>\/*! elementor - v3.23.0 - 05-08-2024 *\/\n.elementor-heading-title{padding:0;margin:0;line-height:1}.elementor-widget-heading .elementor-heading-title[class*=elementor-size-]>a{color:inherit;font-size:inherit;line-height:inherit}.elementor-widget-heading .elementor-heading-title.elementor-size-small{font-size:15px}.elementor-widget-heading .elementor-heading-title.elementor-size-medium{font-size:19px}.elementor-widget-heading .elementor-heading-title.elementor-size-large{font-size:29px}.elementor-widget-heading .elementor-heading-title.elementor-size-xl{font-size:39px}.elementor-widget-heading .elementor-heading-title.elementor-size-xxl{font-size:59px}<\/style><h2 class=\"elementor-heading-title elementor-size-default\">Magazine<\/h2>\t\t<\/div>\n\t\t\t\t<\/div>\n\t\t\t\t<div class=\"elementor-element elementor-element-8ebdc10 elementor-widget elementor-widget-text-editor\" data-id=\"8ebdc10\" data-element_type=\"widget\" data-widget_type=\"text-editor.default\">\n\t\t\t\t<div class=\"elementor-widget-container\">\n\t\t\t<style>\/*! elementor - v3.23.0 - 05-08-2024 *\/\n.elementor-widget-text-editor.elementor-drop-cap-view-stacked .elementor-drop-cap{background-color:#69727d;color:#fff}.elementor-widget-text-editor.elementor-drop-cap-view-framed .elementor-drop-cap{color:#69727d;border:3px solid;background-color:transparent}.elementor-widget-text-editor:not(.elementor-drop-cap-view-default) .elementor-drop-cap{margin-top:8px}.elementor-widget-text-editor:not(.elementor-drop-cap-view-default) .elementor-drop-cap-letter{width:1em;height:1em}.elementor-widget-text-editor .elementor-drop-cap{float:left;text-align:center;line-height:1;font-size:50px}.elementor-widget-text-editor .elementor-drop-cap-letter{display:inline-block}<\/style>\t\t\t\t<p>Our latest news<\/p>\n\t\t\t\t\t\t<\/div>\n\t\t\t\t<\/div>\n\t\t\t\t<div class=\"elementor-element elementor-element-2d4d390 elementor-widget elementor-widget-spacer\" data-id=\"2d4d390\" data-element_type=\"widget\" data-widget_type=\"spacer.default\">\n\t\t\t\t<div class=\"elementor-widget-container\">\n\t\t\t<style>\/*! elementor - v3.23.0 - 05-08-2024 *\/\n.elementor-column .elementor-spacer-inner{height:var(--spacer-size)}.e-con{--container-widget-width:100%}.e-con-inner>.elementor-widget-spacer,.e-con>.elementor-widget-spacer{width:var(--container-widget-width,var(--spacer-size));--align-self:var(--container-widget-align-self,initial);--flex-shrink:0}.e-con-inner>.elementor-widget-spacer>.elementor-widget-container,.e-con>.elementor-widget-spacer>.elementor-widget-container{height:100%;width:100%}.e-con-inner>.elementor-widget-spacer>.elementor-widget-container>.elementor-spacer,.e-con>.elementor-widget-spacer>.elementor-widget-container>.elementor-spacer{height:100%}.e-con-inner>.elementor-widget-spacer>.elementor-widget-container>.elementor-spacer>.elementor-spacer-inner,.e-con>.elementor-widget-spacer>.elementor-widget-container>.elementor-spacer>.elementor-spacer-inner{height:var(--container-widget-height,var(--spacer-size))}.e-con-inner>.elementor-widget-spacer.elementor-widget-empty,.e-con>.elementor-widget-spacer.elementor-widget-empty{position:relative;min-height:22px;min-width:22px}.e-con-inner>.elementor-widget-spacer.elementor-widget-empty .elementor-widget-empty-icon,.e-con>.elementor-widget-spacer.elementor-widget-empty .elementor-widget-empty-icon{position:absolute;top:0;bottom:0;left:0;right:0;margin:auto;padding:0;width:22px;height:22px}<\/style>\t\t<div class=\"elementor-spacer\">\n\t\t\t<div class=\"elementor-spacer-inner\"><\/div>\n\t\t<\/div>\n\t\t\t\t<\/div>\n\t\t\t\t<\/div>\n\t\t\t\t\t<\/div>\n\t\t<\/div>\n\t\t\t\t\t<\/div>\n\t\t<\/section>\n\t\t\t\t<section class=\"elementor-section elementor-top-section elementor-element elementor-element-7767e97 elementor-section-full_width elementor-section-height-default elementor-section-height-default\" data-id=\"7767e97\" data-element_type=\"section\" data-settings=\"{&quot;jet_parallax_layout_list&quot;:[],&quot;background_background&quot;:&quot;classic&quot;}\">\n\t\t\t\t\t\t<div class=\"elementor-container elementor-column-gap-custom\">\n\t\t\t\t\t<div class=\"elementor-column elementor-col-100 elementor-top-column elementor-element elementor-element-6493599\" data-id=\"6493599\" data-element_type=\"column\">\n\t\t\t<div class=\"elementor-widget-wrap\">\n\t\t\t\t\t\t\t<\/div>\n\t\t<\/div>\n\t\t\t\t\t<\/div>\n\t\t<\/section>\n\t\t\t\t<section class=\"elementor-section elementor-top-section elementor-element elementor-element-3dc143e3 elementor-section-boxed elementor-section-height-default elementor-section-height-default\" data-id=\"3dc143e3\" data-element_type=\"section\" data-settings=\"{&quot;jet_parallax_layout_list&quot;:[],&quot;background_background&quot;:&quot;classic&quot;}\">\n\t\t\t\t\t\t<div class=\"elementor-container elementor-column-gap-default\">\n\t\t\t\t\t<div class=\"elementor-column elementor-col-100 elementor-top-column elementor-element elementor-element-ea42dad\" data-id=\"ea42dad\" data-element_type=\"column\">\n\t\t\t<div class=\"elementor-widget-wrap elementor-element-populated\">\n\t\t\t\t\t\t<div class=\"elementor-element elementor-element-1933deba elementor-widget elementor-widget-spacer\" data-id=\"1933deba\" data-element_type=\"widget\" data-widget_type=\"spacer.default\">\n\t\t\t\t<div class=\"elementor-widget-container\">\n\t\t\t\t\t<div class=\"elementor-spacer\">\n\t\t\t<div class=\"elementor-spacer-inner\"><\/div>\n\t\t<\/div>\n\t\t\t\t<\/div>\n\t\t\t\t<\/div>\n\t\t\t\t<div class=\"elementor-element elementor-element-3659c0eb elementor-widget elementor-widget-heading\" data-id=\"3659c0eb\" data-element_type=\"widget\" data-widget_type=\"heading.default\">\n\t\t\t\t<div class=\"elementor-widget-container\">\n\t\t\t<h2 class=\"elementor-heading-title elementor-size-default\">Contact<div>with us<\/div><\/h2>\t\t<\/div>\n\t\t\t\t<\/div>\n\t\t\t\t<section class=\"elementor-section elementor-inner-section elementor-element elementor-element-2dee39f5 elementor-section-content-middle elementor-section-boxed elementor-section-height-default elementor-section-height-default\" data-id=\"2dee39f5\" data-element_type=\"section\" data-settings=\"{&quot;jet_parallax_layout_list&quot;:[]}\">\n\t\t\t\t\t\t<div class=\"elementor-container elementor-column-gap-wider\">\n\t\t\t\t\t<div class=\"elementor-column elementor-col-50 elementor-inner-column elementor-element elementor-element-16f7d25c\" data-id=\"16f7d25c\" data-element_type=\"column\">\n\t\t\t<div class=\"elementor-widget-wrap elementor-element-populated\">\n\t\t\t\t\t\t<div class=\"elementor-element elementor-element-2c47acb8 elementor-widget elementor-widget-text-editor\" data-id=\"2c47acb8\" data-element_type=\"widget\" data-widget_type=\"text-editor.default\">\n\t\t\t\t<div class=\"elementor-widget-container\">\n\t\t\t\t\t\t\t<p><strong>Are you a company<\/strong> and want to <br \/>hire our services?<\/p>\n\t\t\t\t\t\t<\/div>\n\t\t\t\t<\/div>\n\t\t\t\t<div class=\"elementor-element elementor-element-170e5d3 elementor-align-right elementor-mobile-align-center elementor-widget elementor-widget-button\" data-id=\"170e5d3\" data-element_type=\"widget\" data-widget_type=\"button.default\">\n\t\t\t\t<div class=\"elementor-widget-container\">\n\t\t\t\t\t<div class=\"elementor-button-wrapper\">\n\t\t\t<a class=\"elementor-button elementor-button-link elementor-size-sm\" href=\"https:\/\/beberapid.com\/#contacto\">\n\t\t\t\t\t\t<span class=\"elementor-button-content-wrapper\">\n\t\t\t\t\t\t\t\t\t<span class=\"elementor-button-text\">CONTACT<\/span>\n\t\t\t\t\t<\/span>\n\t\t\t\t\t<\/a>\n\t\t<\/div>\n\t\t\t\t<\/div>\n\t\t\t\t<\/div>\n\t\t\t\t\t<\/div>\n\t\t<\/div>\n\t\t\t\t<div class=\"elementor-column elementor-col-50 elementor-inner-column elementor-element elementor-element-5febeddd\" data-id=\"5febeddd\" data-element_type=\"column\">\n\t\t\t<div class=\"elementor-widget-wrap elementor-element-populated\">\n\t\t\t\t\t\t<div class=\"elementor-element elementor-element-52966e10 elementor-widget elementor-widget-text-editor\" data-id=\"52966e10\" data-element_type=\"widget\" data-widget_type=\"text-editor.default\">\n\t\t\t\t<div class=\"elementor-widget-container\">\n\t\t\t\t\t\t\t<p><strong>Do you want to be part of<\/strong> <br \/>our team?<\/p>\n\t\t\t\t\t\t<\/div>\n\t\t\t\t<\/div>\n\t\t\t\t<div class=\"elementor-element elementor-element-58dc2e03 elementor-align-left elementor-mobile-align-center elementor-widget elementor-widget-button\" data-id=\"58dc2e03\" data-element_type=\"widget\" data-widget_type=\"button.default\">\n\t\t\t\t<div class=\"elementor-widget-container\">\n\t\t\t\t\t<div class=\"elementor-button-wrapper\">\n\t\t\t<a class=\"elementor-button elementor-button-link elementor-size-sm\" href=\"mailto:rrhh@beberapid.com\">\n\t\t\t\t\t\t<span class=\"elementor-button-content-wrapper\">\n\t\t\t\t\t\t\t\t\t<span class=\"elementor-button-text\">SEND CV<\/span>\n\t\t\t\t\t<\/span>\n\t\t\t\t\t<\/a>\n\t\t<\/div>\n\t\t\t\t<\/div>\n\t\t\t\t<\/div>\n\t\t\t\t\t<\/div>\n\t\t<\/div>\n\t\t\t\t\t<\/div>\n\t\t<\/section>\n\t\t\t\t<div class=\"elementor-element elementor-element-2ea4e064 elementor-widget elementor-widget-spacer\" data-id=\"2ea4e064\" data-element_type=\"widget\" data-widget_type=\"spacer.default\">\n\t\t\t\t<div class=\"elementor-widget-container\">\n\t\t\t\t\t<div class=\"elementor-spacer\">\n\t\t\t<div class=\"elementor-spacer-inner\"><\/div>\n\t\t<\/div>\n\t\t\t\t<\/div>\n\t\t\t\t<\/div>\n\t\t\t\t\t<\/div>\n\t\t<\/div>\n\t\t\t\t\t<\/div>\n\t\t<\/section>\n\t\t\t\t<\/div>\n\t\t","protected":false},"excerpt":{"rendered":"<p>Magazine Our latest news Gu\u00eda Completa para Disfrutar al m\u00e1ximo un Festival en 2024 Los festivales de m\u00fasica son experiencias emocionantes llenas de ritmo y momentos inolvidables. Para asegurarte de aprovechar al m\u00e1ximo tu pr\u00f3xima aventura musical, Beberapid ha preparado una gu\u00eda completa con SABER M\u00c1S 2023 Un a\u00f1o inolvidable para Beberapid Beberapid 2023: Un [&hellip;]<\/p>\n","protected":false},"author":10,"featured_media":0,"parent":0,"menu_order":0,"comment_status":"closed","ping_status":"closed","template":"full-width.php","meta":{"_acf_changed":false,"footnotes":""},"class_list":["post-7377","page","type-page","status-publish","hentry"],"acf":[],"yoast_head":"<!-- This site is optimized with the Yoast SEO plugin v23.4 - https:\/\/yoast.com\/wordpress\/plugins\/seo\/ -->\n<title>Magazine - BEBERAPID<\/title>\n<meta name=\"description\" content=\"Magazine of our latest news about the biggest events and festivals in Spain and the world.\" \/>\n<meta name=\"robots\" content=\"index, follow, max-snippet:-1, max-image-preview:large, max-video-preview:-1\" \/>\n<link rel=\"canonical\" href=\"https:\/\/beberapid.com\/en\/magazine\/\" \/>\n<meta property=\"og:locale\" content=\"en_US\" \/>\n<meta property=\"og:type\" content=\"article\" \/>\n<meta property=\"og:title\" content=\"Magazine - BEBERAPID\" \/>\n<meta property=\"og:description\" content=\"Magazine of our latest news about the biggest events and festivals in Spain and the world.\" \/>\n<meta property=\"og:url\" content=\"https:\/\/beberapid.com\/en\/magazine\/\" \/>\n<meta property=\"og:site_name\" content=\"BEBERAPID\" \/>\n<meta property=\"article:publisher\" content=\"https:\/\/www.facebook.com\/beberapid\/?ref=hl\" \/>\n<meta property=\"article:modified_time\" content=\"2024-08-26T10:52:26+00:00\" \/>\n<meta property=\"og:image\" content=\"http:\/\/beberapid.com\/wp-content\/uploads\/2024\/01\/portrait-of-happy-crowd-enjoying-at-music-festival-2023-11-27-04-49-59-utc-1024x683.jpg\" \/>\n<meta name=\"twitter:card\" content=\"summary_large_image\" \/>\n<meta name=\"twitter:site\" content=\"@Beberapid\" \/>\n<meta name=\"twitter:label1\" content=\"Est. reading time\" \/>\n\t<meta name=\"twitter:data1\" content=\"2 minutes\" \/>\n<script type=\"application\/ld+json\" class=\"yoast-schema-graph\">{\"@context\":\"https:\/\/schema.org\",\"@graph\":[{\"@type\":\"WebPage\",\"@id\":\"https:\/\/beberapid.com\/en\/magazine\/\",\"url\":\"https:\/\/beberapid.com\/en\/magazine\/\",\"name\":\"Magazine - BEBERAPID\",\"isPartOf\":{\"@id\":\"http:\/\/beberapid.com\/en\/#website\"},\"primaryImageOfPage\":{\"@id\":\"https:\/\/beberapid.com\/en\/magazine\/#primaryimage\"},\"image\":{\"@id\":\"https:\/\/beberapid.com\/en\/magazine\/#primaryimage\"},\"thumbnailUrl\":\"http:\/\/beberapid.com\/wp-content\/uploads\/2024\/01\/portrait-of-happy-crowd-enjoying-at-music-festival-2023-11-27-04-49-59-utc-1024x683.jpg\",\"datePublished\":\"2024-07-30T15:34:15+00:00\",\"dateModified\":\"2024-08-26T10:52:26+00:00\",\"description\":\"Magazine of our latest news about the biggest events and festivals in Spain and the world.\",\"breadcrumb\":{\"@id\":\"https:\/\/beberapid.com\/en\/magazine\/#breadcrumb\"},\"inLanguage\":\"en-US\",\"potentialAction\":[{\"@type\":\"ReadAction\",\"target\":[\"https:\/\/beberapid.com\/en\/magazine\/\"]}]},{\"@type\":\"ImageObject\",\"inLanguage\":\"en-US\",\"@id\":\"https:\/\/beberapid.com\/en\/magazine\/#primaryimage\",\"url\":\"http:\/\/beberapid.com\/wp-content\/uploads\/2024\/01\/portrait-of-happy-crowd-enjoying-at-music-festival-2023-11-27-04-49-59-utc-1024x683.jpg\",\"contentUrl\":\"http:\/\/beberapid.com\/wp-content\/uploads\/2024\/01\/portrait-of-happy-crowd-enjoying-at-music-festival-2023-11-27-04-49-59-utc-1024x683.jpg\"},{\"@type\":\"BreadcrumbList\",\"@id\":\"https:\/\/beberapid.com\/en\/magazine\/#breadcrumb\",\"itemListElement\":[{\"@type\":\"ListItem\",\"position\":1,\"name\":\"Portada\",\"item\":\"https:\/\/beberapid.com\/en\/\"},{\"@type\":\"ListItem\",\"position\":2,\"name\":\"Magazine\"}]},{\"@type\":\"WebSite\",\"@id\":\"http:\/\/beberapid.com\/en\/#website\",\"url\":\"http:\/\/beberapid.com\/en\/\",\"name\":\"BEBERAPID\",\"description\":\"EN TU MOMENTO, EN TU LUGAR\",\"publisher\":{\"@id\":\"http:\/\/beberapid.com\/en\/#organization\"},\"potentialAction\":[{\"@type\":\"SearchAction\",\"target\":{\"@type\":\"EntryPoint\",\"urlTemplate\":\"http:\/\/beberapid.com\/en\/?s={search_term_string}\"},\"query-input\":{\"@type\":\"PropertyValueSpecification\",\"valueRequired\":true,\"valueName\":\"search_term_string\"}}],\"inLanguage\":\"en-US\"},{\"@type\":\"Organization\",\"@id\":\"http:\/\/beberapid.com\/en\/#organization\",\"name\":\"BEBERAPID\",\"url\":\"http:\/\/beberapid.com\/en\/\",\"logo\":{\"@type\":\"ImageObject\",\"inLanguage\":\"en-US\",\"@id\":\"http:\/\/beberapid.com\/en\/#\/schema\/logo\/image\/\",\"url\":\"http:\/\/beberapid.com\/wp-content\/uploads\/2024\/08\/Beberapid-Iso-.jpg\",\"contentUrl\":\"http:\/\/beberapid.com\/wp-content\/uploads\/2024\/08\/Beberapid-Iso-.jpg\",\"width\":675,\"height\":675,\"caption\":\"BEBERAPID\"},\"image\":{\"@id\":\"http:\/\/beberapid.com\/en\/#\/schema\/logo\/image\/\"},\"sameAs\":[\"https:\/\/www.facebook.com\/beberapid\/?ref=hl\",\"https:\/\/x.com\/Beberapid\",\"https:\/\/www.youtube.com\/user\/BEBERAPIDSYSTEMS\",\"https:\/\/www.instagram.com\/beberapid\/\"]}]}<\/script>\n<!-- \/ Yoast SEO plugin. -->","yoast_head_json":{"title":"Magazine - BEBERAPID","description":"Magazine of our latest news about the biggest events and festivals in Spain and the world.","robots":{"index":"index","follow":"follow","max-snippet":"max-snippet:-1","max-image-preview":"max-image-preview:large","max-video-preview":"max-video-preview:-1"},"canonical":"https:\/\/beberapid.com\/en\/magazine\/","og_locale":"en_US","og_type":"article","og_title":"Magazine - BEBERAPID","og_description":"Magazine of our latest news about the biggest events and festivals in Spain and the world.","og_url":"https:\/\/beberapid.com\/en\/magazine\/","og_site_name":"BEBERAPID","article_publisher":"https:\/\/www.facebook.com\/beberapid\/?ref=hl","article_modified_time":"2024-08-26T10:52:26+00:00","og_image":[{"url":"http:\/\/beberapid.com\/wp-content\/uploads\/2024\/01\/portrait-of-happy-crowd-enjoying-at-music-festival-2023-11-27-04-49-59-utc-1024x683.jpg"}],"twitter_card":"summary_large_image","twitter_site":"@Beberapid","twitter_misc":{"Est. reading time":"2 minutes"},"schema":{"@context":"https:\/\/schema.org","@graph":[{"@type":"WebPage","@id":"https:\/\/beberapid.com\/en\/magazine\/","url":"https:\/\/beberapid.com\/en\/magazine\/","name":"Magazine - BEBERAPID","isPartOf":{"@id":"http:\/\/beberapid.com\/en\/#website"},"primaryImageOfPage":{"@id":"https:\/\/beberapid.com\/en\/magazine\/#primaryimage"},"image":{"@id":"https:\/\/beberapid.com\/en\/magazine\/#primaryimage"},"thumbnailUrl":"http:\/\/beberapid.com\/wp-content\/uploads\/2024\/01\/portrait-of-happy-crowd-enjoying-at-music-festival-2023-11-27-04-49-59-utc-1024x683.jpg","datePublished":"2024-07-30T15:34:15+00:00","dateModified":"2024-08-26T10:52:26+00:00","description":"Magazine of our latest news about the biggest events and festivals in Spain and the world.","breadcrumb":{"@id":"https:\/\/beberapid.com\/en\/magazine\/#breadcrumb"},"inLanguage":"en-US","potentialAction":[{"@type":"ReadAction","target":["https:\/\/beberapid.com\/en\/magazine\/"]}]},{"@type":"ImageObject","inLanguage":"en-US","@id":"https:\/\/beberapid.com\/en\/magazine\/#primaryimage","url":"http:\/\/beberapid.com\/wp-content\/uploads\/2024\/01\/portrait-of-happy-crowd-enjoying-at-music-festival-2023-11-27-04-49-59-utc-1024x683.jpg","contentUrl":"http:\/\/beberapid.com\/wp-content\/uploads\/2024\/01\/portrait-of-happy-crowd-enjoying-at-music-festival-2023-11-27-04-49-59-utc-1024x683.jpg"},{"@type":"BreadcrumbList","@id":"https:\/\/beberapid.com\/en\/magazine\/#breadcrumb","itemListElement":[{"@type":"ListItem","position":1,"name":"Portada","item":"https:\/\/beberapid.com\/en\/"},{"@type":"ListItem","position":2,"name":"Magazine"}]},{"@type":"WebSite","@id":"http:\/\/beberapid.com\/en\/#website","url":"http:\/\/beberapid.com\/en\/","name":"BEBERAPID","description":"EN TU MOMENTO, EN TU LUGAR","publisher":{"@id":"http:\/\/beberapid.com\/en\/#organization"},"potentialAction":[{"@type":"SearchAction","target":{"@type":"EntryPoint","urlTemplate":"http:\/\/beberapid.com\/en\/?s={search_term_string}"},"query-input":{"@type":"PropertyValueSpecification","valueRequired":true,"valueName":"search_term_string"}}],"inLanguage":"en-US"},{"@type":"Organization","@id":"http:\/\/beberapid.com\/en\/#organization","name":"BEBERAPID","url":"http:\/\/beberapid.com\/en\/","logo":{"@type":"ImageObject","inLanguage":"en-US","@id":"http:\/\/beberapid.com\/en\/#\/schema\/logo\/image\/","url":"http:\/\/beberapid.com\/wp-content\/uploads\/2024\/08\/Beberapid-Iso-.jpg","contentUrl":"http:\/\/beberapid.com\/wp-content\/uploads\/2024\/08\/Beberapid-Iso-.jpg","width":675,"height":675,"caption":"BEBERAPID"},"image":{"@id":"http:\/\/beberapid.com\/en\/#\/schema\/logo\/image\/"},"sameAs":["https:\/\/www.facebook.com\/beberapid\/?ref=hl","https:\/\/x.com\/Beberapid","https:\/\/www.youtube.com\/user\/BEBERAPIDSYSTEMS","https:\/\/www.instagram.com\/beberapid\/"]}]}},"_links":{"self":[{"href":"https:\/\/beberapid.com\/en\/wp-json\/wp\/v2\/pages\/7377","targetHints":{"allow":["GET"]}}],"collection":[{"href":"https:\/\/beberapid.com\/en\/wp-json\/wp\/v2\/pages"}],"about":[{"href":"https:\/\/beberapid.com\/en\/wp-json\/wp\/v2\/types\/page"}],"author":[{"embeddable":true,"href":"https:\/\/beberapid.com\/en\/wp-json\/wp\/v2\/users\/10"}],"replies":[{"embeddable":true,"href":"https:\/\/beberapid.com\/en\/wp-json\/wp\/v2\/comments?post=7377"}],"version-history":[{"count":3,"href":"https:\/\/beberapid.com\/en\/wp-json\/wp\/v2\/pages\/7377\/revisions"}],"predecessor-version":[{"id":7384,"href":"https:\/\/beberapid.com\/en\/wp-json\/wp\/v2\/pages\/7377\/revisions\/7384"}],"wp:attachment":[{"href":"https:\/\/beberapid.com\/en\/wp-json\/wp\/v2\/media?parent=7377"}],"curies":[{"name":"wp","href":"https:\/\/api.w.org\/{rel}","templated":true}]}}