{"id":7389,"date":"2024-08-12T15:11:48","date_gmt":"2024-08-12T14:11:48","guid":{"rendered":"https:\/\/beberapid.com\/nos\/"},"modified":"2024-08-26T12:38:01","modified_gmt":"2024-08-26T11:38:01","slug":"nos","status":"publish","type":"page","link":"https:\/\/beberapid.com\/pt-pt\/nos\/","title":{"rendered":"N\u00f3s"},"content":{"rendered":"\t\t<div data-elementor-type=\"wp-page\" data-elementor-id=\"7389\" class=\"elementor elementor-7389 elementor-5775\">\n\t\t\t\t\t\t<section class=\"elementor-section elementor-top-section elementor-element elementor-element-7107ef1 elementor-section-full_width elementor-section-height-min-height elementor-section-items-bottom elementor-section-height-default\" data-id=\"7107ef1\" data-element_type=\"section\" data-settings=\"{&quot;jet_parallax_layout_list&quot;:[],&quot;background_background&quot;:&quot;classic&quot;}\">\n\t\t\t\t\t\t<div class=\"elementor-container elementor-column-gap-default\">\n\t\t\t\t\t<div class=\"elementor-column elementor-col-100 elementor-top-column elementor-element elementor-element-d799e62\" data-id=\"d799e62\" data-element_type=\"column\">\n\t\t\t<div class=\"elementor-widget-wrap elementor-element-populated\">\n\t\t\t\t\t\t<div class=\"elementor-element elementor-element-b073593 elementor-widget elementor-widget-heading\" data-id=\"b073593\" data-element_type=\"widget\" data-widget_type=\"heading.default\">\n\t\t\t\t<div class=\"elementor-widget-container\">\n\t\t\t<style>\/*! elementor - v3.23.0 - 05-08-2024 *\/\n.elementor-heading-title{padding:0;margin:0;line-height:1}.elementor-widget-heading .elementor-heading-title[class*=elementor-size-]>a{color:inherit;font-size:inherit;line-height:inherit}.elementor-widget-heading .elementor-heading-title.elementor-size-small{font-size:15px}.elementor-widget-heading .elementor-heading-title.elementor-size-medium{font-size:19px}.elementor-widget-heading .elementor-heading-title.elementor-size-large{font-size:29px}.elementor-widget-heading .elementor-heading-title.elementor-size-xl{font-size:39px}.elementor-widget-heading .elementor-heading-title.elementor-size-xxl{font-size:59px}<\/style><h2 class=\"elementor-heading-title elementor-size-default\">Quem somos?<\/h2>\t\t<\/div>\n\t\t\t\t<\/div>\n\t\t\t\t<div class=\"elementor-element elementor-element-8ebdc10 elementor-widget elementor-widget-text-editor\" data-id=\"8ebdc10\" data-element_type=\"widget\" data-widget_type=\"text-editor.default\">\n\t\t\t\t<div class=\"elementor-widget-container\">\n\t\t\t<style>\/*! elementor - v3.23.0 - 05-08-2024 *\/\n.elementor-widget-text-editor.elementor-drop-cap-view-stacked .elementor-drop-cap{background-color:#69727d;color:#fff}.elementor-widget-text-editor.elementor-drop-cap-view-framed .elementor-drop-cap{color:#69727d;border:3px solid;background-color:transparent}.elementor-widget-text-editor:not(.elementor-drop-cap-view-default) .elementor-drop-cap{margin-top:8px}.elementor-widget-text-editor:not(.elementor-drop-cap-view-default) .elementor-drop-cap-letter{width:1em;height:1em}.elementor-widget-text-editor .elementor-drop-cap{float:left;text-align:center;line-height:1;font-size:50px}.elementor-widget-text-editor .elementor-drop-cap-letter{display:inline-block}<\/style>\t\t\t\t<p>SOBRE O BEBERAPID<\/p>\n\t\t\t\t\t\t<\/div>\n\t\t\t\t<\/div>\n\t\t\t\t<div class=\"elementor-element elementor-element-2d4d390 elementor-widget elementor-widget-spacer\" data-id=\"2d4d390\" data-element_type=\"widget\" data-widget_type=\"spacer.default\">\n\t\t\t\t<div class=\"elementor-widget-container\">\n\t\t\t<style>\/*! elementor - v3.23.0 - 05-08-2024 *\/\n.elementor-column .elementor-spacer-inner{height:var(--spacer-size)}.e-con{--container-widget-width:100%}.e-con-inner>.elementor-widget-spacer,.e-con>.elementor-widget-spacer{width:var(--container-widget-width,var(--spacer-size));--align-self:var(--container-widget-align-self,initial);--flex-shrink:0}.e-con-inner>.elementor-widget-spacer>.elementor-widget-container,.e-con>.elementor-widget-spacer>.elementor-widget-container{height:100%;width:100%}.e-con-inner>.elementor-widget-spacer>.elementor-widget-container>.elementor-spacer,.e-con>.elementor-widget-spacer>.elementor-widget-container>.elementor-spacer{height:100%}.e-con-inner>.elementor-widget-spacer>.elementor-widget-container>.elementor-spacer>.elementor-spacer-inner,.e-con>.elementor-widget-spacer>.elementor-widget-container>.elementor-spacer>.elementor-spacer-inner{height:var(--container-widget-height,var(--spacer-size))}.e-con-inner>.elementor-widget-spacer.elementor-widget-empty,.e-con>.elementor-widget-spacer.elementor-widget-empty{position:relative;min-height:22px;min-width:22px}.e-con-inner>.elementor-widget-spacer.elementor-widget-empty .elementor-widget-empty-icon,.e-con>.elementor-widget-spacer.elementor-widget-empty .elementor-widget-empty-icon{position:absolute;top:0;bottom:0;left:0;right:0;margin:auto;padding:0;width:22px;height:22px}<\/style>\t\t<div class=\"elementor-spacer\">\n\t\t\t<div class=\"elementor-spacer-inner\"><\/div>\n\t\t<\/div>\n\t\t\t\t<\/div>\n\t\t\t\t<\/div>\n\t\t\t\t\t<\/div>\n\t\t<\/div>\n\t\t\t\t\t<\/div>\n\t\t<\/section>\n\t\t\t\t<section class=\"elementor-section elementor-top-section elementor-element elementor-element-7767e97 elementor-section-boxed elementor-section-height-default elementor-section-height-default\" data-id=\"7767e97\" data-element_type=\"section\" data-settings=\"{&quot;jet_parallax_layout_list&quot;:[],&quot;background_background&quot;:&quot;classic&quot;}\">\n\t\t\t\t\t\t<div class=\"elementor-container elementor-column-gap-custom\">\n\t\t\t\t\t<div class=\"elementor-column elementor-col-100 elementor-top-column elementor-element elementor-element-6493599\" data-id=\"6493599\" data-element_type=\"column\">\n\t\t\t<div class=\"elementor-widget-wrap elementor-element-populated\">\n\t\t\t\t\t\t<div class=\"elementor-element elementor-element-4cc9658 elementor-widget elementor-widget-spacer\" data-id=\"4cc9658\" data-element_type=\"widget\" data-widget_type=\"spacer.default\">\n\t\t\t\t<div class=\"elementor-widget-container\">\n\t\t\t\t\t<div class=\"elementor-spacer\">\n\t\t\t<div class=\"elementor-spacer-inner\"><\/div>\n\t\t<\/div>\n\t\t\t\t<\/div>\n\t\t\t\t<\/div>\n\t\t\t\t<div class=\"elementor-element elementor-element-9f7fe13 elementor-widget elementor-widget-heading\" data-id=\"9f7fe13\" data-element_type=\"widget\" data-widget_type=\"heading.default\">\n\t\t\t\t<div class=\"elementor-widget-container\">\n\t\t\t<h2 class=\"elementor-heading-title elementor-size-default\">Beberapid \u00e9 uma empresa ligada ao mundo da hotelaria h\u00e1 mais de <br>25 anos<\/h2>\t\t<\/div>\n\t\t\t\t<\/div>\n\t\t\t\t<div class=\"elementor-element elementor-element-af56bf8 elementor-widget elementor-widget-text-editor\" data-id=\"af56bf8\" data-element_type=\"widget\" data-widget_type=\"text-editor.default\">\n\t\t\t\t<div class=\"elementor-widget-container\">\n\t\t\t\t\t\t\t<div class=\"page\" title=\"Page 1\">\n<div class=\"section\">\n<div class=\"layoutArea\">\n<div class=\"column\">\n<p>Embora o nosso projeto de venda de mochilas tenha nascido em 2009, a equipa de gest\u00e3o ao leme <strong>trabalha no mundo do lazer e da restaura\u00e7\u00e3o de eventos desde 1997.<\/strong><\/p>\n<\/div>\n<\/div>\n<\/div>\n<\/div>\n\t\t\t\t\t\t<\/div>\n\t\t\t\t<\/div>\n\t\t\t\t<div class=\"elementor-element elementor-element-98c8cbe elementor-widget elementor-widget-spacer\" data-id=\"98c8cbe\" data-element_type=\"widget\" data-widget_type=\"spacer.default\">\n\t\t\t\t<div class=\"elementor-widget-container\">\n\t\t\t\t\t<div class=\"elementor-spacer\">\n\t\t\t<div class=\"elementor-spacer-inner\"><\/div>\n\t\t<\/div>\n\t\t\t\t<\/div>\n\t\t\t\t<\/div>\n\t\t\t\t\t<\/div>\n\t\t<\/div>\n\t\t\t\t\t<\/div>\n\t\t<\/section>\n\t\t\t\t<section class=\"elementor-section elementor-top-section elementor-element elementor-element-2e3b952 elementor-section-boxed elementor-section-height-default elementor-section-height-default\" data-id=\"2e3b952\" data-element_type=\"section\" data-settings=\"{&quot;jet_parallax_layout_list&quot;:[],&quot;background_background&quot;:&quot;video&quot;,&quot;background_video_link&quot;:&quot;https:\\\/\\\/youtu.be\\\/q8L0TOwf2zc?feature=shared&quot;,&quot;background_video_start&quot;:0}\">\n\t\t\t\t\t\t\t\t<div class=\"elementor-background-video-container elementor-hidden-phone\">\n\t\t\t\t\t\t\t\t\t\t\t\t\t<div class=\"elementor-background-video-embed\"><\/div>\n\t\t\t\t\t\t\t\t\t\t\t\t<\/div>\n\t\t\t\t\t\t\t\t\t<div class=\"elementor-background-overlay\"><\/div>\n\t\t\t\t\t\t\t<div class=\"elementor-container elementor-column-gap-default\">\n\t\t\t\t\t<div class=\"elementor-column elementor-col-100 elementor-top-column elementor-element elementor-element-6b5eaf0\" data-id=\"6b5eaf0\" data-element_type=\"column\">\n\t\t\t<div class=\"elementor-widget-wrap elementor-element-populated\">\n\t\t\t\t\t\t<div class=\"elementor-element elementor-element-9bf808d elementor-widget elementor-widget-heading\" data-id=\"9bf808d\" data-element_type=\"widget\" data-widget_type=\"heading.default\">\n\t\t\t\t<div class=\"elementor-widget-container\">\n\t\t\t<h2 class=\"elementor-heading-title elementor-size-default\">hemos trabalhado em muitos eventos e a nossa empresa conseguiu posicionar-se entre as principais empresas do pa\u00eds em termos de gest\u00e3o de Bar e Hotelaria<\/h2>\t\t<\/div>\n\t\t\t\t<\/div>\n\t\t\t\t<div class=\"elementor-element elementor-element-1498b5b elementor-widget elementor-widget-text-editor\" data-id=\"1498b5b\" data-element_type=\"widget\" data-widget_type=\"text-editor.default\">\n\t\t\t\t<div class=\"elementor-widget-container\">\n\t\t\t\t\t\t\t<div class=\"page\" title=\"Page 1\">\n<div class=\"section\">\n<div class=\"layoutArea\">\n<div class=\"column\">\n<p>No que diz respeito ao sistema de venda m\u00f3vel, consolid\u00e1mos a nossa posi\u00e7\u00e3o de empresa l\u00edder h\u00e1 mais de 10 anos, estando <strong>presentes na maioria dos eventos, digress\u00f5es, festivais e recintos em Espanha e Portugal.<\/strong><\/p>\n<p><strong>Concretamente, prestamos servi\u00e7os h\u00e1 mais de 10 anos<\/strong>, entre outros locais, no Wizink Center de Madrid, inclu\u00eddo no \u201cTop 200 World Arenas\u201d, o prestigiado ranking de salas de espect\u00e1culos realizado anualmente pela revista internacional Pollstar, que tamb\u00e9m o coloca como a segunda sala de espect\u00e1culos da Europa em termos de n\u00famero de eventos.<\/p>\n<\/div>\n<\/div>\n<\/div>\n<\/div>\n\t\t\t\t\t\t<\/div>\n\t\t\t\t<\/div>\n\t\t\t\t\t<\/div>\n\t\t<\/div>\n\t\t\t\t\t<\/div>\n\t\t<\/section>\n\t\t\t\t<section class=\"elementor-section elementor-top-section elementor-element elementor-element-77f5224 elementor-section-boxed elementor-section-height-default elementor-section-height-default\" data-id=\"77f5224\" data-element_type=\"section\" data-settings=\"{&quot;jet_parallax_layout_list&quot;:[],&quot;background_background&quot;:&quot;classic&quot;}\">\n\t\t\t\t\t\t<div class=\"elementor-container elementor-column-gap-custom\">\n\t\t\t\t\t<div class=\"elementor-column elementor-col-100 elementor-top-column elementor-element elementor-element-fb07f07\" data-id=\"fb07f07\" data-element_type=\"column\">\n\t\t\t<div class=\"elementor-widget-wrap elementor-element-populated\">\n\t\t\t\t\t\t<div class=\"elementor-element elementor-element-620c8dd elementor-widget elementor-widget-spacer\" data-id=\"620c8dd\" data-element_type=\"widget\" data-widget_type=\"spacer.default\">\n\t\t\t\t<div class=\"elementor-widget-container\">\n\t\t\t\t\t<div class=\"elementor-spacer\">\n\t\t\t<div class=\"elementor-spacer-inner\"><\/div>\n\t\t<\/div>\n\t\t\t\t<\/div>\n\t\t\t\t<\/div>\n\t\t\t\t<div class=\"elementor-element elementor-element-2b00216 elementor-widget elementor-widget-heading\" data-id=\"2b00216\" data-element_type=\"widget\" data-widget_type=\"heading.default\">\n\t\t\t\t<div class=\"elementor-widget-container\">\n\t\t\t<h2 class=\"elementor-heading-title elementor-size-default\">Conseguimos tornar-nos uma das empresas l\u00edderes em termos de gest\u00e3o de FB em grandes eventos <br>no pa\u00eds<\/h2>\t\t<\/div>\n\t\t\t\t<\/div>\n\t\t\t\t<div class=\"elementor-element elementor-element-f5827f8 elementor-widget elementor-widget-spacer\" data-id=\"f5827f8\" data-element_type=\"widget\" data-widget_type=\"spacer.default\">\n\t\t\t\t<div class=\"elementor-widget-container\">\n\t\t\t\t\t<div class=\"elementor-spacer\">\n\t\t\t<div class=\"elementor-spacer-inner\"><\/div>\n\t\t<\/div>\n\t\t\t\t<\/div>\n\t\t\t\t<\/div>\n\t\t\t\t\t<\/div>\n\t\t<\/div>\n\t\t\t\t\t<\/div>\n\t\t<\/section>\n\t\t\t\t<section class=\"elementor-section elementor-top-section elementor-element elementor-element-3dc143e3 elementor-section-boxed elementor-section-height-default elementor-section-height-default\" data-id=\"3dc143e3\" data-element_type=\"section\" data-settings=\"{&quot;jet_parallax_layout_list&quot;:[],&quot;background_background&quot;:&quot;classic&quot;}\">\n\t\t\t\t\t\t<div class=\"elementor-container elementor-column-gap-default\">\n\t\t\t\t\t<div class=\"elementor-column elementor-col-100 elementor-top-column elementor-element elementor-element-ea42dad\" data-id=\"ea42dad\" data-element_type=\"column\">\n\t\t\t<div class=\"elementor-widget-wrap elementor-element-populated\">\n\t\t\t\t\t\t<div class=\"elementor-element elementor-element-1933deba elementor-widget elementor-widget-spacer\" data-id=\"1933deba\" data-element_type=\"widget\" data-widget_type=\"spacer.default\">\n\t\t\t\t<div class=\"elementor-widget-container\">\n\t\t\t\t\t<div class=\"elementor-spacer\">\n\t\t\t<div class=\"elementor-spacer-inner\"><\/div>\n\t\t<\/div>\n\t\t\t\t<\/div>\n\t\t\t\t<\/div>\n\t\t\t\t<div class=\"elementor-element elementor-element-3659c0eb elementor-widget elementor-widget-heading\" data-id=\"3659c0eb\" data-element_type=\"widget\" data-widget_type=\"heading.default\">\n\t\t\t\t<div class=\"elementor-widget-container\">\n\t\t\t<h2 class=\"elementor-heading-title elementor-size-default\">Contate-nos<div>-<\/div><\/h2>\t\t<\/div>\n\t\t\t\t<\/div>\n\t\t\t\t<section class=\"elementor-section elementor-inner-section elementor-element elementor-element-2dee39f5 elementor-section-content-middle elementor-section-boxed elementor-section-height-default elementor-section-height-default\" data-id=\"2dee39f5\" data-element_type=\"section\" data-settings=\"{&quot;jet_parallax_layout_list&quot;:[]}\">\n\t\t\t\t\t\t<div class=\"elementor-container elementor-column-gap-wider\">\n\t\t\t\t\t<div class=\"elementor-column elementor-col-50 elementor-inner-column elementor-element elementor-element-16f7d25c\" data-id=\"16f7d25c\" data-element_type=\"column\">\n\t\t\t<div class=\"elementor-widget-wrap elementor-element-populated\">\n\t\t\t\t\t\t<div class=\"elementor-element elementor-element-2c47acb8 elementor-widget elementor-widget-text-editor\" data-id=\"2c47acb8\" data-element_type=\"widget\" data-widget_type=\"text-editor.default\">\n\t\t\t\t<div class=\"elementor-widget-container\">\n\t\t\t\t\t\t\t<p><strong>\u00c9 empresa<\/strong> e pretende contratar os <br \/>nossos servi\u00e7os?<\/p>\n\t\t\t\t\t\t<\/div>\n\t\t\t\t<\/div>\n\t\t\t\t<div class=\"elementor-element elementor-element-170e5d3 elementor-align-right elementor-mobile-align-center elementor-widget elementor-widget-button\" data-id=\"170e5d3\" data-element_type=\"widget\" data-widget_type=\"button.default\">\n\t\t\t\t<div class=\"elementor-widget-container\">\n\t\t\t\t\t<div class=\"elementor-button-wrapper\">\n\t\t\t<a class=\"elementor-button elementor-button-link elementor-size-sm\" href=\"https:\/\/beberapid.com\/#contacto\">\n\t\t\t\t\t\t<span class=\"elementor-button-content-wrapper\">\n\t\t\t\t\t\t\t\t\t<span class=\"elementor-button-text\">CONTATO<\/span>\n\t\t\t\t\t<\/span>\n\t\t\t\t\t<\/a>\n\t\t<\/div>\n\t\t\t\t<\/div>\n\t\t\t\t<\/div>\n\t\t\t\t\t<\/div>\n\t\t<\/div>\n\t\t\t\t<div class=\"elementor-column elementor-col-50 elementor-inner-column elementor-element elementor-element-5febeddd\" data-id=\"5febeddd\" data-element_type=\"column\">\n\t\t\t<div class=\"elementor-widget-wrap elementor-element-populated\">\n\t\t\t\t\t\t<div class=\"elementor-element elementor-element-52966e10 elementor-widget elementor-widget-text-editor\" data-id=\"52966e10\" data-element_type=\"widget\" data-widget_type=\"text-editor.default\">\n\t\t\t\t<div class=\"elementor-widget-container\">\n\t\t\t\t\t\t\t<p><strong>Quer fazer parte<\/strong> da <br \/>nossa equipa?<\/p>\n\t\t\t\t\t\t<\/div>\n\t\t\t\t<\/div>\n\t\t\t\t<div class=\"elementor-element elementor-element-58dc2e03 elementor-align-left elementor-mobile-align-center elementor-widget elementor-widget-button\" data-id=\"58dc2e03\" data-element_type=\"widget\" data-widget_type=\"button.default\">\n\t\t\t\t<div class=\"elementor-widget-container\">\n\t\t\t\t\t<div class=\"elementor-button-wrapper\">\n\t\t\t<a class=\"elementor-button elementor-button-link elementor-size-sm\" href=\"mailto:rrhh@beberapid.com\">\n\t\t\t\t\t\t<span class=\"elementor-button-content-wrapper\">\n\t\t\t\t\t\t\t\t\t<span class=\"elementor-button-text\">ENVIAR CV<\/span>\n\t\t\t\t\t<\/span>\n\t\t\t\t\t<\/a>\n\t\t<\/div>\n\t\t\t\t<\/div>\n\t\t\t\t<\/div>\n\t\t\t\t\t<\/div>\n\t\t<\/div>\n\t\t\t\t\t<\/div>\n\t\t<\/section>\n\t\t\t\t<div class=\"elementor-element elementor-element-2ea4e064 elementor-widget elementor-widget-spacer\" data-id=\"2ea4e064\" data-element_type=\"widget\" data-widget_type=\"spacer.default\">\n\t\t\t\t<div class=\"elementor-widget-container\">\n\t\t\t\t\t<div class=\"elementor-spacer\">\n\t\t\t<div class=\"elementor-spacer-inner\"><\/div>\n\t\t<\/div>\n\t\t\t\t<\/div>\n\t\t\t\t<\/div>\n\t\t\t\t\t<\/div>\n\t\t<\/div>\n\t\t\t\t\t<\/div>\n\t\t<\/section>\n\t\t\t\t<\/div>\n\t\t","protected":false},"excerpt":{"rendered":"<p>Quem somos? SOBRE O BEBERAPID Beberapid \u00e9 uma empresa ligada ao mundo da hotelaria h\u00e1 mais de 25 anos Embora o nosso projeto de venda de mochilas tenha nascido em 2009, a equipa de gest\u00e3o ao leme trabalha no mundo do lazer e da restaura\u00e7\u00e3o de eventos desde 1997. hemos trabalhado em muitos eventos e [&hellip;]<\/p>\n","protected":false},"author":10,"featured_media":0,"parent":0,"menu_order":0,"comment_status":"closed","ping_status":"closed","template":"full-width.php","meta":{"_acf_changed":false,"footnotes":""},"class_list":["post-7389","page","type-page","status-publish","hentry"],"acf":[],"yoast_head":"<!-- This site is optimized with the Yoast SEO plugin v23.4 - https:\/\/yoast.com\/wordpress\/plugins\/seo\/ -->\n<title>N\u00f3s - BEBERAPID<\/title>\n<meta name=\"description\" content=\"Somos a Beberapid, desde 1997 a trabalhar no mundo da restaura\u00e7\u00e3o de lazer e eventos em todo o pa\u00eds.\" \/>\n<meta name=\"robots\" content=\"index, follow, max-snippet:-1, max-image-preview:large, max-video-preview:-1\" \/>\n<link rel=\"canonical\" href=\"https:\/\/beberapid.com\/pt-pt\/nos\/\" \/>\n<meta property=\"og:locale\" content=\"pt_PT\" \/>\n<meta property=\"og:type\" content=\"article\" \/>\n<meta property=\"og:title\" content=\"N\u00f3s - BEBERAPID\" \/>\n<meta property=\"og:description\" content=\"Somos a Beberapid, desde 1997 a trabalhar no mundo da restaura\u00e7\u00e3o de lazer e eventos em todo o pa\u00eds.\" \/>\n<meta property=\"og:url\" content=\"https:\/\/beberapid.com\/pt-pt\/nos\/\" \/>\n<meta property=\"og:site_name\" content=\"BEBERAPID\" \/>\n<meta property=\"article:publisher\" content=\"https:\/\/www.facebook.com\/beberapid\/?ref=hl\" \/>\n<meta property=\"article:modified_time\" content=\"2024-08-26T11:38:01+00:00\" \/>\n<meta property=\"og:image\" content=\"https:\/\/beberapid.com\/wp-content\/uploads\/2024\/08\/Beberapid-Imagen.jpg\" \/>\n\t<meta property=\"og:image:width\" content=\"1200\" \/>\n\t<meta property=\"og:image:height\" content=\"675\" \/>\n\t<meta property=\"og:image:type\" content=\"image\/jpeg\" \/>\n<meta name=\"twitter:card\" content=\"summary_large_image\" \/>\n<meta name=\"twitter:site\" content=\"@Beberapid\" \/>\n<meta name=\"twitter:label1\" content=\"Tempo estimado de leitura\" \/>\n\t<meta name=\"twitter:data1\" content=\"1 minuto\" \/>\n<script type=\"application\/ld+json\" class=\"yoast-schema-graph\">{\"@context\":\"https:\/\/schema.org\",\"@graph\":[{\"@type\":\"WebPage\",\"@id\":\"https:\/\/beberapid.com\/pt-pt\/nos\/\",\"url\":\"https:\/\/beberapid.com\/pt-pt\/nos\/\",\"name\":\"N\u00f3s - BEBERAPID\",\"isPartOf\":{\"@id\":\"http:\/\/beberapid.com\/pt-pt\/#website\"},\"datePublished\":\"2024-08-12T14:11:48+00:00\",\"dateModified\":\"2024-08-26T11:38:01+00:00\",\"description\":\"Somos a Beberapid, desde 1997 a trabalhar no mundo da restaura\u00e7\u00e3o de lazer e eventos em todo o pa\u00eds.\",\"breadcrumb\":{\"@id\":\"https:\/\/beberapid.com\/pt-pt\/nos\/#breadcrumb\"},\"inLanguage\":\"pt-PT\",\"potentialAction\":[{\"@type\":\"ReadAction\",\"target\":[\"https:\/\/beberapid.com\/pt-pt\/nos\/\"]}]},{\"@type\":\"BreadcrumbList\",\"@id\":\"https:\/\/beberapid.com\/pt-pt\/nos\/#breadcrumb\",\"itemListElement\":[{\"@type\":\"ListItem\",\"position\":1,\"name\":\"Portada\",\"item\":\"https:\/\/beberapid.com\/pt-pt\/\"},{\"@type\":\"ListItem\",\"position\":2,\"name\":\"N\u00f3s\"}]},{\"@type\":\"WebSite\",\"@id\":\"http:\/\/beberapid.com\/pt-pt\/#website\",\"url\":\"http:\/\/beberapid.com\/pt-pt\/\",\"name\":\"BEBERAPID\",\"description\":\"EN TU MOMENTO, EN TU LUGAR\",\"publisher\":{\"@id\":\"http:\/\/beberapid.com\/pt-pt\/#organization\"},\"potentialAction\":[{\"@type\":\"SearchAction\",\"target\":{\"@type\":\"EntryPoint\",\"urlTemplate\":\"http:\/\/beberapid.com\/pt-pt\/?s={search_term_string}\"},\"query-input\":{\"@type\":\"PropertyValueSpecification\",\"valueRequired\":true,\"valueName\":\"search_term_string\"}}],\"inLanguage\":\"pt-PT\"},{\"@type\":\"Organization\",\"@id\":\"http:\/\/beberapid.com\/pt-pt\/#organization\",\"name\":\"BEBERAPID\",\"url\":\"http:\/\/beberapid.com\/pt-pt\/\",\"logo\":{\"@type\":\"ImageObject\",\"inLanguage\":\"pt-PT\",\"@id\":\"http:\/\/beberapid.com\/pt-pt\/#\/schema\/logo\/image\/\",\"url\":\"http:\/\/beberapid.com\/wp-content\/uploads\/2024\/08\/Beberapid-Iso-.jpg\",\"contentUrl\":\"http:\/\/beberapid.com\/wp-content\/uploads\/2024\/08\/Beberapid-Iso-.jpg\",\"width\":675,\"height\":675,\"caption\":\"BEBERAPID\"},\"image\":{\"@id\":\"http:\/\/beberapid.com\/pt-pt\/#\/schema\/logo\/image\/\"},\"sameAs\":[\"https:\/\/www.facebook.com\/beberapid\/?ref=hl\",\"https:\/\/x.com\/Beberapid\",\"https:\/\/www.youtube.com\/user\/BEBERAPIDSYSTEMS\",\"https:\/\/www.instagram.com\/beberapid\/\"]}]}<\/script>\n<!-- \/ Yoast SEO plugin. -->","yoast_head_json":{"title":"N\u00f3s - BEBERAPID","description":"Somos a Beberapid, desde 1997 a trabalhar no mundo da restaura\u00e7\u00e3o de lazer e eventos em todo o pa\u00eds.","robots":{"index":"index","follow":"follow","max-snippet":"max-snippet:-1","max-image-preview":"max-image-preview:large","max-video-preview":"max-video-preview:-1"},"canonical":"https:\/\/beberapid.com\/pt-pt\/nos\/","og_locale":"pt_PT","og_type":"article","og_title":"N\u00f3s - BEBERAPID","og_description":"Somos a Beberapid, desde 1997 a trabalhar no mundo da restaura\u00e7\u00e3o de lazer e eventos em todo o pa\u00eds.","og_url":"https:\/\/beberapid.com\/pt-pt\/nos\/","og_site_name":"BEBERAPID","article_publisher":"https:\/\/www.facebook.com\/beberapid\/?ref=hl","article_modified_time":"2024-08-26T11:38:01+00:00","og_image":[{"width":1200,"height":675,"url":"https:\/\/beberapid.com\/wp-content\/uploads\/2024\/08\/Beberapid-Imagen.jpg","type":"image\/jpeg"}],"twitter_card":"summary_large_image","twitter_site":"@Beberapid","twitter_misc":{"Tempo estimado de leitura":"1 minuto"},"schema":{"@context":"https:\/\/schema.org","@graph":[{"@type":"WebPage","@id":"https:\/\/beberapid.com\/pt-pt\/nos\/","url":"https:\/\/beberapid.com\/pt-pt\/nos\/","name":"N\u00f3s - BEBERAPID","isPartOf":{"@id":"http:\/\/beberapid.com\/pt-pt\/#website"},"datePublished":"2024-08-12T14:11:48+00:00","dateModified":"2024-08-26T11:38:01+00:00","description":"Somos a Beberapid, desde 1997 a trabalhar no mundo da restaura\u00e7\u00e3o de lazer e eventos em todo o pa\u00eds.","breadcrumb":{"@id":"https:\/\/beberapid.com\/pt-pt\/nos\/#breadcrumb"},"inLanguage":"pt-PT","potentialAction":[{"@type":"ReadAction","target":["https:\/\/beberapid.com\/pt-pt\/nos\/"]}]},{"@type":"BreadcrumbList","@id":"https:\/\/beberapid.com\/pt-pt\/nos\/#breadcrumb","itemListElement":[{"@type":"ListItem","position":1,"name":"Portada","item":"https:\/\/beberapid.com\/pt-pt\/"},{"@type":"ListItem","position":2,"name":"N\u00f3s"}]},{"@type":"WebSite","@id":"http:\/\/beberapid.com\/pt-pt\/#website","url":"http:\/\/beberapid.com\/pt-pt\/","name":"BEBERAPID","description":"EN TU MOMENTO, EN TU LUGAR","publisher":{"@id":"http:\/\/beberapid.com\/pt-pt\/#organization"},"potentialAction":[{"@type":"SearchAction","target":{"@type":"EntryPoint","urlTemplate":"http:\/\/beberapid.com\/pt-pt\/?s={search_term_string}"},"query-input":{"@type":"PropertyValueSpecification","valueRequired":true,"valueName":"search_term_string"}}],"inLanguage":"pt-PT"},{"@type":"Organization","@id":"http:\/\/beberapid.com\/pt-pt\/#organization","name":"BEBERAPID","url":"http:\/\/beberapid.com\/pt-pt\/","logo":{"@type":"ImageObject","inLanguage":"pt-PT","@id":"http:\/\/beberapid.com\/pt-pt\/#\/schema\/logo\/image\/","url":"http:\/\/beberapid.com\/wp-content\/uploads\/2024\/08\/Beberapid-Iso-.jpg","contentUrl":"http:\/\/beberapid.com\/wp-content\/uploads\/2024\/08\/Beberapid-Iso-.jpg","width":675,"height":675,"caption":"BEBERAPID"},"image":{"@id":"http:\/\/beberapid.com\/pt-pt\/#\/schema\/logo\/image\/"},"sameAs":["https:\/\/www.facebook.com\/beberapid\/?ref=hl","https:\/\/x.com\/Beberapid","https:\/\/www.youtube.com\/user\/BEBERAPIDSYSTEMS","https:\/\/www.instagram.com\/beberapid\/"]}]}},"_links":{"self":[{"href":"https:\/\/beberapid.com\/pt-pt\/wp-json\/wp\/v2\/pages\/7389","targetHints":{"allow":["GET"]}}],"collection":[{"href":"https:\/\/beberapid.com\/pt-pt\/wp-json\/wp\/v2\/pages"}],"about":[{"href":"https:\/\/beberapid.com\/pt-pt\/wp-json\/wp\/v2\/types\/page"}],"author":[{"embeddable":true,"href":"https:\/\/beberapid.com\/pt-pt\/wp-json\/wp\/v2\/users\/10"}],"replies":[{"embeddable":true,"href":"https:\/\/beberapid.com\/pt-pt\/wp-json\/wp\/v2\/comments?post=7389"}],"version-history":[{"count":3,"href":"https:\/\/beberapid.com\/pt-pt\/wp-json\/wp\/v2\/pages\/7389\/revisions"}],"predecessor-version":[{"id":7394,"href":"https:\/\/beberapid.com\/pt-pt\/wp-json\/wp\/v2\/pages\/7389\/revisions\/7394"}],"wp:attachment":[{"href":"https:\/\/beberapid.com\/pt-pt\/wp-json\/wp\/v2\/media?parent=7389"}],"curies":[{"name":"wp","href":"https:\/\/api.w.org\/{rel}","templated":true}]}}